{"id":1880,"date":"2019-11-06T16:01:56","date_gmt":"2019-11-06T14:01:56","guid":{"rendered":"http:\/\/localhost:8888\/dev.desala\/%d0%bf%d1%80%d0%be%d0%b4%d0%b5%d0%bb%d0%b0%d0%bd%d0%bd%d0%b0%d1%8f-%d1%80%d0%b0%d0%b1%d0%be%d1%82%d0%b0\/"},"modified":"2022-07-15T10:55:29","modified_gmt":"2022-07-15T07:55:29","slug":"%d0%bf%d1%80%d0%be%d0%b4%d0%b5%d0%bb%d0%b0%d0%bd%d0%bd%d0%b0%d1%8f-%d1%80%d0%b0%d0%b1%d0%be%d1%82%d0%b0","status":"publish","type":"page","link":"https:\/\/desala.ee\/ru\/%d0%bf%d1%80%d0%be%d0%b4%d0%b5%d0%bb%d0%b0%d0%bd%d0%bd%d0%b0%d1%8f-%d1%80%d0%b0%d0%b1%d0%be%d1%82%d0%b0\/","title":{"rendered":"\u041f\u0440\u043e\u0434\u0435\u043b\u0430\u043d\u043d\u0430\u044f \u0440\u0430\u0431\u043e\u0442\u0430"},"content":{"rendered":"<p>[et_pb_section fb_built=&#187;1&#8243; admin_label=&#187;Header Section&#187; _builder_version=&#187;3.29.2&#8243; use_background_color_gradient=&#187;on&#187; background_color_gradient_start=&#187;#ffffff&#187; background_color_gradient_end=&#187;rgba(255,255,255,0)&#187; background_color_gradient_overlays_image=&#187;on&#187; background_image=&#187;http:\/\/desala.ee\/wp-content\/uploads\/2019\/09\/Tehtud-t\u00f6\u00f6d-1.jpg&#187; custom_padding=&#187;216px||106px||false|false&#187; collapsed=&#187;off&#187; global_colors_info=&#187;{}&#187;][et_pb_row custom_padding_last_edited=&#187;off|desktop&#187; admin_label=&#187;Header Row&#187; _builder_version=&#187;3.27.3&#8243; custom_margin=&#187;-45px|auto||auto|false|false&#187; custom_margin_tablet=&#187;&#187; custom_margin_phone=&#187;79px||||false|false&#187; custom_margin_last_edited=&#187;on|phone&#187; custom_padding=&#187;|||&#187; custom_padding_phone=&#187;3vw|||&#187; collapsed=&#187;off&#187; global_colors_info=&#187;{}&#187;][et_pb_column type=&#187;4_4&#8243; _builder_version=&#187;3.25&#8243; custom_padding=&#187;|||&#187; global_colors_info=&#187;{}&#187; custom_padding__hover=&#187;|||&#187;][\/et_pb_column][\/et_pb_row][\/et_pb_section][et_pb_section fb_built=&#187;1&#8243; custom_padding_last_edited=&#187;on|phone&#187; _builder_version=&#187;3.27.3&#8243; background_color=&#187;rgba(0,0,0,0)&#187; width=&#187;100%&#187; custom_margin=&#187;-169px||111px||false|false&#187; custom_padding=&#187;0px||0px||false|false&#187; custom_padding_tablet=&#187;&#187; custom_padding_phone=&#187;||0px||false|false&#187; global_colors_info=&#187;{}&#187;][et_pb_row _builder_version=&#187;3.27.4&#8243; background_color=&#187;#ffffff&#187; custom_margin=&#187;86px|auto||auto|false|false&#187; custom_padding=&#187;30px||30px||false|false&#187; custom_css_main_element=&#187;z-index: 999&#8243; box_shadow_style=&#187;preset1&#8243; global_colors_info=&#187;{}&#187;][et_pb_column type=&#187;4_4&#8243; _builder_version=&#187;3.27.3&#8243; custom_padding=&#187;0px||||false|false&#187; global_colors_info=&#187;{}&#187;][et_pb_text admin_label=&#187;Title &#038; Paragraph&#187; _builder_version=&#187;3.27.4&#8243; text_font=&#187;Lato|300|||||||&#187; text_text_color=&#187;#000000&#8243; text_font_size=&#187;16px&#187; text_letter_spacing=&#187;1px&#187; text_line_height=&#187;1.8em&#187; header_font=&#187;Montserrat|300|||||||&#187; header_2_font=&#187;Roboto Condensed|300|||||||&#187; header_2_font_size=&#187;40px&#187; header_2_letter_spacing=&#187;1px&#187; header_2_line_height=&#187;1.6em&#187; header_3_font=&#187;||||||||&#187; width=&#187;75%&#187; max_width=&#187;639.3%&#187; max_width_tablet=&#187;&#187; max_width_phone=&#187;&#187; max_width_last_edited=&#187;on|phone&#187; module_alignment=&#187;center&#187; custom_margin=&#187;10px||||false|false&#187; custom_padding=&#187;||1px|||&#187; custom_padding_last_edited=&#187;off|desktop&#187; header_2_font_size_tablet=&#187;&#187; header_2_font_size_phone=&#187;40px&#187; header_2_font_size_last_edited=&#187;on|desktop&#187; locked=&#187;off&#187; global_colors_info=&#187;{}&#187;]<\/p>\n<h2 style=\"text-align: center;\">\u041f\u0440\u043e\u0434\u0435\u043b\u0430\u043d\u043d\u0430\u044f \u0440\u0430\u0431\u043e\u0442\u0430<\/h2>\n<p style=\"text-align: center;\">\u041a \u0441\u0435\u0433\u043e\u0434\u043d\u044f\u0448\u043d\u0435\u043c\u0443 \u0434\u043d\u044e \u043c\u044b \u0438\u0437\u0433\u043e\u0442\u043e\u0432\u0438\u043b\u0438 \u0438 \u0443\u0441\u0442\u0430\u043d\u043e\u0432\u0438\u043b\u0438 \u0431\u043e\u043b\u0435\u0435 500 \u0440\u0430\u0437\u043d\u044b\u0445 \u043a\u0443\u0445\u043e\u043d\u044c. \u041d\u0430\u0434\u0435\u0435\u043c\u0441\u044f, \u0447\u0442\u043e \u0432 \u043d\u0430\u0448\u0435\u0439 \u0433\u0430\u043b\u0435\u0440\u0435\u0435 \u0412\u044b \u043d\u0430\u0439\u0434\u0451\u0442\u0435 \u0438\u043d\u0441\u043f\u0438\u0440\u0430\u0446\u0438\u044e \u0438 \u0434\u043b\u044f \u0441\u0432\u043e\u0435\u0439 \u0431\u0443\u0434\u0443\u0449\u0435\u0439 \u043a\u0443\u0445\u043d\u0438.<\/p>\n<p>&nbsp;[\/et_pb_text][\/et_pb_column][\/et_pb_row][\/et_pb_section][et_pb_section fb_built=&#187;1&#8243; _builder_version=&#187;3.22.4&#8243; custom_margin=&#187;-20px|||||&#187; custom_padding=&#187;0px||33px|||&#187; global_colors_info=&#187;{}&#187;][et_pb_row use_custom_gutter=&#187;on&#187; gutter_width=&#187;2&#8243; make_equal=&#187;on&#187; _builder_version=&#187;3.27.4&#8243; width=&#187;100%&#187; custom_margin=&#187;-5px|auto||auto||&#187; custom_padding=&#187;0px|||||&#187; global_colors_info=&#187;{}&#187; gutter_width__hover_enabled=&#187;off|desktop&#187;][et_pb_column type=&#187;4_4&#8243; _builder_version=&#187;3.25&#8243; custom_padding=&#187;|||&#187; global_colors_info=&#187;{}&#187; custom_padding__hover=&#187;|||&#187;][et_pb_gallery gallery_ids=&#187;2931,2927,2935,2913,2917,2921,2904,2908,2891,2895,2899,2879,2875,2871,2864,2859,2855,2850,2846,2841,2834,2816,2790,2794,2798,2779,2783,2610,2605,2594,2590,2449,2421,2425,2429,2413,2409,2405,2401,2377,2381,2385,2389,2315,2311,2307,2303,2299,2251,2247,2225,2221,2217,2178,2183,2187,2276,1770,1773,1776,1449,1452,1455,1458,1461,1464,1467,1473,2272,1479,1482,1485,1488,1491,1494,1497,1500,1503,1506,1509,1512,1515,1518,1521,1524,1527,1530,1533,1536,1539,1542,1545,1548,1551,1554,1557,1560,1563,1566,1569,1572,1575,1578,1581,1584,1587,1590,1593,1596,1599,1602,1605,1608,1611,1614,1617,1620,1623,1626,1629,1632,1635,1638,1641,1644,1650,1647,1653,1656,1659,1665,1668,1671,1674,1677,1680,1683,1686,1689,1692,1695,1698,1701,1704,181,169,186,187,2239,2233&#8243; posts_number=&#187;200&#8243; show_title_and_caption=&#187;off&#187; show_pagination=&#187;off&#187; zoom_icon_color=&#187;#9ce1ed&#187; hover_overlay_color=&#187;rgba(255,255,255,0.58)&#187; hover_icon=&#187;&#x54;||divi||400&#8243; _builder_version=&#187;4.14.1&#8243; hover_enabled=&#187;0&#8243; global_colors_info=&#187;{}&#187; sticky_enabled=&#187;0&#8243;][\/et_pb_gallery][\/et_pb_column][\/et_pb_row][\/et_pb_section][et_pb_section fb_built=&#187;1&#8243; admin_label=&#187;Services Section&#187; _builder_version=&#187;3.27.4&#8243; use_background_color_gradient=&#187;on&#187; background_color_gradient_start=&#187;#ffffff&#187; background_color_gradient_end=&#187;rgba(255,255,255,0.61)&#187; background_color_gradient_overlays_image=&#187;on&#187; background_image=&#187;http:\/\/desala.ee\/wp-content\/uploads\/2019\/05\/section-bg-5-2.jpg&#187; background_enable_image=&#187;off&#187; background_position=&#187;bottom_right&#187; custom_margin_tablet=&#187;&#187; custom_margin_phone=&#187;&#187; custom_margin_last_edited=&#187;on|phone&#187; custom_padding=&#187;50px|20px|40px|20px|false|false&#187; box_shadow_style=&#187;preset3&#8243; global_module=&#187;381&#8243; saved_tabs=&#187;all&#187; global_colors_info=&#187;{}&#187;][et_pb_row column_structure=&#187;1_2,1_2&#8243; use_custom_gutter=&#187;on&#187; gutter_width=&#187;2&#8243; admin_label=&#187;Services Row&#187; module_id=&#187;paring&#187; _builder_version=&#187;3.27.4&#8243; width_tablet=&#187;&#187; width_phone=&#187;100%&#187; width_last_edited=&#187;on|phone&#187; custom_padding=&#187;|||&#187; global_colors_info=&#187;{}&#187;][et_pb_column type=&#187;1_2&#8243; _builder_version=&#187;3.27.4&#8243; custom_padding=&#187;|||&#187; global_colors_info=&#187;{}&#187; custom_padding__hover=&#187;|||&#187;][et_pb_text admin_label=&#187;Title&#187; _builder_version=&#187;4.7.7&#8243; text_font=&#187;Muli|600|||||||&#187; text_text_color=&#187;#737373&#8243; text_font_size=&#187;18px&#187; header_font=&#187;||||||||&#187; header_2_font=&#187;Roboto Condensed|300|||||||&#187; header_2_font_size=&#187;40px&#187; header_2_letter_spacing=&#187;1px&#187; header_2_line_height=&#187;1.6em&#187; max_width_last_edited=&#187;off|desktop&#187; custom_margin=&#187;-1px|||||&#187; custom_padding=&#187;|||&#187; custom_padding_last_edited=&#187;off|desktop&#187; header_2_font_size_tablet=&#187;&#187; header_2_font_size_phone=&#187;40px&#187; header_2_font_size_last_edited=&#187;on|phone&#187; global_colors_info=&#187;{}&#187;]<\/p>\n<h2>\u041e\u0442\u043f\u0440\u0430\u0432\u044c\u0442\u0435 \u043f\u0438\u0441\u044c\u043c\u043e<\/h2>\n<p>[\/et_pb_text][et_pb_text admin_label=&#187;Title &#038; Paragraph&#187; _builder_version=&#187;3.27.4&#8243; text_font=&#187;Lato|300|||||||&#187; text_text_color=&#187;#000000&#8243; text_font_size=&#187;16px&#187; text_letter_spacing=&#187;1px&#187; text_line_height=&#187;1.8em&#187; header_font=&#187;||||||||&#187; header_2_font=&#187;Roboto Condensed|300|||||||&#187; header_2_font_size=&#187;35px&#187; header_2_line_height=&#187;1.4em&#187; max_width=&#187;600px&#187; max_width_tablet=&#187;&#187; max_width_phone=&#187;&#187; max_width_last_edited=&#187;on|phone&#187; module_alignment=&#187;right&#187; custom_margin=&#187;|||&#187; custom_padding=&#187;|||&#187; custom_padding_last_edited=&#187;off|desktop&#187; header_2_font_size_tablet=&#187;&#187; header_2_font_size_phone=&#187;40px&#187; header_2_font_size_last_edited=&#187;on|desktop&#187; locked=&#187;off&#187; global_colors_info=&#187;{}&#187;]\u0416\u0435\u043b\u0430\u0435\u0442\u0435, \u0447\u0442\u043e\u0431\u044b \u043c\u044b \u0441\u0434\u0435\u043b\u0430\u043b\u0438 \u0445\u043e\u0440\u043e\u0448\u0435\u0435 \u0446\u0435\u043d\u043e\u0432\u043e\u0435 \u043f\u0440\u0435\u0434\u043b\u043e\u0436\u0435\u043d\u0438\u0435 \u0434\u043b\u044f \u0412\u0430\u0448\u0435\u0439 \u043c\u0435\u0431\u0435\u043b\u0438? \u041e\u0441\u0442\u0430\u0432\u044c\u0442\u0435 \u043d\u0430\u043c \u0412\u0430\u0448\u0438 \u043a\u043e\u043d\u0442\u0430\u043a\u0442\u043d\u044b\u0435 \u0434\u0430\u043d\u043d\u044b\u0435 \u0438 \u043d\u0430\u0448 \u043a\u043e\u043d\u0441\u0443\u043b\u044c\u0442\u0430\u043d\u0442 \u0441\u0430\u043c \u0441\u0432\u044f\u0436\u0435\u0442\u0441\u044f \u0441 \u0412\u0430\u043c\u0438 \u043f\u043e \u044d-\u043f\u043e\u0447\u0442\u0435 \u0438\u043b\u0438 \u0442\u0435\u043b\u0435\u0444\u043e\u043d\u0443, \u0438 \u0434\u043e\u0433\u043e\u0432\u043e\u0440\u0438\u0442\u044c\u0441\u044f \u043e \u0434\u0430\u0442\u0435 \u0438 \u0432\u0440\u0435\u043c\u0435\u043d\u0438 \u0432\u0441\u0442\u0440\u0435\u0447\u0438. \u041e\u0440\u0438\u0435\u043d\u0442\u0438\u0440\u043e\u0432\u043e\u0447\u043d\u043e \u043d\u0430 \u0432\u0441\u0442\u0440\u0435\u0447\u0443 \u0443\u0439\u0434\u0451\u0442 45 \u043c\u0438\u043d\u0443\u0442. \u041f\u043e\u0441\u043b\u0435 \u0432\u0441\u0442\u0440\u0435\u0447\u0438 \u0432 \u0442\u0435\u0447\u0435\u043d\u0438\u0435 \u043d\u0435\u0434\u0435\u043b\u0438 \u043d\u0430\u0448 \u043a\u043e\u043d\u0441\u0443\u043b\u044c\u0442\u0430\u043d\u0442 \u0441\u043e\u0441\u0442\u0430\u0432\u0438\u0442 \u0434\u043b\u044f \u0412\u0430\u0441 \u0446\u0435\u043d\u043e\u0432\u043e\u0435 \u043f\u0440\u0435\u0434\u043b\u043e\u0436\u0435\u043d\u0438\u0435 \u0438 3D \u0432\u0438\u0437\u0443\u0430\u043b\u0438\u0437\u0430\u0446\u0438\u044e.<\/p>\n<p><strong>NB! \u0414\u043b\u044f \u0432\u0441\u0442\u0440\u0435\u0447\u0438 \u0441\u043b\u0435\u0434\u0443\u0435\u0442 \u043e\u0431\u044f\u0437\u0430\u0442\u0435\u043b\u044c\u043d\u043e \u0437\u0430\u0440\u0430\u043d\u0435\u0435 \u0434\u043e\u0433\u043e\u0432\u043e\u0440\u0438\u0442\u044c\u0441\u044f \u0441 \u043a\u0430\u043a\u0438\u043c-\u043b\u0438\u0431\u043e \u043d\u0430\u0448\u0438\u043c \u043a\u043e\u043d\u0441\u0443\u043b\u044c\u0442\u0430\u043d\u0442\u043e\u043c<\/strong>[\/et_pb_text][\/et_pb_column][et_pb_column type=&#187;1_2&#8243; _builder_version=&#187;3.27.4&#8243; custom_padding=&#187;61px|0px||25px|false|false&#187; custom_padding_tablet=&#187;0px||||false|false&#187; custom_padding_phone=&#187;|||0px|false|false&#187; custom_padding_last_edited=&#187;on|phone&#187; global_colors_info=&#187;{}&#187; custom_padding__hover=&#187;|||&#187;][et_pb_text _builder_version=&#187;3.27.4&#8243; global_colors_info=&#187;{}&#187;][\/et_pb_text][et_pb_text _builder_version=&#187;4.7.7&#8243; _module_preset=&#187;default&#187; global_colors_info=&#187;{}&#187;]<\/p>\n<p>[contact-form-7 id=&#187;1146&#8243; title=&#187;Kontaktivorm 1&#8243;]<\/p>\n<p>[\/et_pb_text][\/et_pb_column][\/et_pb_row][\/et_pb_section]<\/p>\n","protected":false},"excerpt":{"rendered":"<p>\u041f\u0440\u043e\u0434\u0435\u043b\u0430\u043d\u043d\u0430\u044f \u0440\u0430\u0431\u043e\u0442\u0430 \u041a \u0441\u0435\u0433\u043e\u0434\u043d\u044f\u0448\u043d\u0435\u043c\u0443 \u0434\u043d\u044e \u043c\u044b \u0438\u0437\u0433\u043e\u0442\u043e\u0432\u0438\u043b\u0438 \u0438 \u0443\u0441\u0442\u0430\u043d\u043e\u0432\u0438\u043b\u0438 \u0431\u043e\u043b\u0435\u0435 500 \u0440\u0430\u0437\u043d\u044b\u0445 \u043a\u0443\u0445\u043e\u043d\u044c. \u041d\u0430\u0434\u0435\u0435\u043c\u0441\u044f, \u0447\u0442\u043e \u0432 \u043d\u0430\u0448\u0435\u0439 \u0433\u0430\u043b\u0435\u0440\u0435\u0435 \u0412\u044b \u043d\u0430\u0439\u0434\u0451\u0442\u0435 \u0438\u043d\u0441\u043f\u0438\u0440\u0430\u0446\u0438\u044e \u0438 \u0434\u043b\u044f \u0441\u0432\u043e\u0435\u0439 \u0431\u0443\u0434\u0443\u0449\u0435\u0439 \u043a\u0443\u0445\u043d\u0438. &nbsp;\u041e\u0442\u043f\u0440\u0430\u0432\u044c\u0442\u0435 \u043f\u0438\u0441\u044c\u043c\u043e\u0416\u0435\u043b\u0430\u0435\u0442\u0435, \u0447\u0442\u043e\u0431\u044b \u043c\u044b \u0441\u0434\u0435\u043b\u0430\u043b\u0438 \u0445\u043e\u0440\u043e\u0448\u0435\u0435 \u0446\u0435\u043d\u043e\u0432\u043e\u0435 \u043f\u0440\u0435\u0434\u043b\u043e\u0436\u0435\u043d\u0438\u0435 \u0434\u043b\u044f \u0412\u0430\u0448\u0435\u0439 \u043c\u0435\u0431\u0435\u043b\u0438? \u041e\u0441\u0442\u0430\u0432\u044c\u0442\u0435 \u043d\u0430\u043c \u0412\u0430\u0448\u0438 \u043a\u043e\u043d\u0442\u0430\u043a\u0442\u043d\u044b\u0435 \u0434\u0430\u043d\u043d\u044b\u0435 \u0438 \u043d\u0430\u0448 \u043a\u043e\u043d\u0441\u0443\u043b\u044c\u0442\u0430\u043d\u0442 \u0441\u0430\u043c \u0441\u0432\u044f\u0436\u0435\u0442\u0441\u044f \u0441 \u0412\u0430\u043c\u0438 \u043f\u043e \u044d-\u043f\u043e\u0447\u0442\u0435 \u0438\u043b\u0438 \u0442\u0435\u043b\u0435\u0444\u043e\u043d\u0443, \u0438 \u0434\u043e\u0433\u043e\u0432\u043e\u0440\u0438\u0442\u044c\u0441\u044f [&hellip;]<\/p>\n","protected":false},"author":3,"featured_media":0,"parent":0,"menu_order":0,"comment_status":"closed","ping_status":"closed","template":"","meta":{"_et_pb_use_builder":"on","_et_pb_old_content":"","_et_gb_content_width":"","footnotes":""},"class_list":["post-1880","page","type-page","status-publish","hentry"],"yoast_head":"<!-- This site is optimized with the Yoast SEO plugin v27.4 - https:\/\/yoast.com\/product\/yoast-seo-wordpress\/ -->\n<title>\u041f\u0440\u043e\u0434\u0435\u043b\u0430\u043d\u043d\u0430\u044f \u0440\u0430\u0431\u043e\u0442\u0430 - Desala Sisustus<\/title>\n<meta name=\"description\" content=\"Desala Sisustus - K\u00f6\u00f6gim\u00f6\u00f6bel eritellimusel ja garderoobide valmistamine. \u00dcle 25a kogemust eritellimusel k\u00f6\u00f6gim\u00f6\u00f6bli valmistamisel ja projekteerimisel\" \/>\n<meta name=\"robots\" content=\"index, follow, max-snippet:-1, max-image-preview:large, max-video-preview:-1\" \/>\n<link rel=\"canonical\" href=\"https:\/\/desala.ee\/ru\/%d0%bf%d1%80%d0%be%d0%b4%d0%b5%d0%bb%d0%b0%d0%bd%d0%bd%d0%b0%d1%8f-%d1%80%d0%b0%d0%b1%d0%be%d1%82%d0%b0\/\" \/>\n<meta property=\"og:locale\" content=\"ru_RU\" \/>\n<meta property=\"og:type\" content=\"article\" \/>\n<meta property=\"og:title\" content=\"\u041f\u0440\u043e\u0434\u0435\u043b\u0430\u043d\u043d\u0430\u044f \u0440\u0430\u0431\u043e\u0442\u0430 - Desala Sisustus\" \/>\n<meta property=\"og:description\" content=\"Desala Sisustus - K\u00f6\u00f6gim\u00f6\u00f6bel eritellimusel ja garderoobide valmistamine. \u00dcle 25a kogemust eritellimusel k\u00f6\u00f6gim\u00f6\u00f6bli valmistamisel ja projekteerimisel\" \/>\n<meta property=\"og:url\" content=\"https:\/\/desala.ee\/ru\/%d0%bf%d1%80%d0%be%d0%b4%d0%b5%d0%bb%d0%b0%d0%bd%d0%bd%d0%b0%d1%8f-%d1%80%d0%b0%d0%b1%d0%be%d1%82%d0%b0\/\" \/>\n<meta property=\"og:site_name\" content=\"Desala Sisustus\" \/>\n<meta property=\"article:publisher\" content=\"https:\/\/www.facebook.com\/search\/top?q=desalasisustus\" \/>\n<meta property=\"article:modified_time\" content=\"2022-07-15T07:55:29+00:00\" \/>\n<meta property=\"og:image\" content=\"https:\/\/i0.wp.com\/desala.ee\/wp-content\/uploads\/2022\/09\/1-1.jpg?fit=1200%2C800&ssl=1\" \/>\n\t<meta property=\"og:image:width\" content=\"1200\" \/>\n\t<meta property=\"og:image:height\" content=\"800\" \/>\n\t<meta property=\"og:image:type\" content=\"image\/jpeg\" \/>\n<meta name=\"twitter:card\" content=\"summary_large_image\" \/>\n<meta name=\"twitter:label1\" content=\"\u041f\u0440\u0438\u043c\u0435\u0440\u043d\u043e\u0435 \u0432\u0440\u0435\u043c\u044f \u0434\u043b\u044f \u0447\u0442\u0435\u043d\u0438\u044f\" \/>\n\t<meta name=\"twitter:data1\" content=\"4 \u043c\u0438\u043d\u0443\u0442\u044b\" \/>\n<script type=\"application\/ld+json\" class=\"yoast-schema-graph\">{\"@context\":\"https:\\\/\\\/schema.org\",\"@graph\":[{\"@type\":\"WebPage\",\"@id\":\"https:\\\/\\\/desala.ee\\\/ru\\\/%d0%bf%d1%80%d0%be%d0%b4%d0%b5%d0%bb%d0%b0%d0%bd%d0%bd%d0%b0%d1%8f-%d1%80%d0%b0%d0%b1%d0%be%d1%82%d0%b0\\\/\",\"url\":\"https:\\\/\\\/desala.ee\\\/ru\\\/%d0%bf%d1%80%d0%be%d0%b4%d0%b5%d0%bb%d0%b0%d0%bd%d0%bd%d0%b0%d1%8f-%d1%80%d0%b0%d0%b1%d0%be%d1%82%d0%b0\\\/\",\"name\":\"\u041f\u0440\u043e\u0434\u0435\u043b\u0430\u043d\u043d\u0430\u044f \u0440\u0430\u0431\u043e\u0442\u0430 - Desala Sisustus\",\"isPartOf\":{\"@id\":\"https:\\\/\\\/desala.ee\\\/ru\\\/#website\"},\"datePublished\":\"2019-11-06T14:01:56+00:00\",\"dateModified\":\"2022-07-15T07:55:29+00:00\",\"description\":\"Desala Sisustus - K\u00f6\u00f6gim\u00f6\u00f6bel eritellimusel ja garderoobide valmistamine. \u00dcle 25a kogemust eritellimusel k\u00f6\u00f6gim\u00f6\u00f6bli valmistamisel ja projekteerimisel\",\"breadcrumb\":{\"@id\":\"https:\\\/\\\/desala.ee\\\/ru\\\/%d0%bf%d1%80%d0%be%d0%b4%d0%b5%d0%bb%d0%b0%d0%bd%d0%bd%d0%b0%d1%8f-%d1%80%d0%b0%d0%b1%d0%be%d1%82%d0%b0\\\/#breadcrumb\"},\"inLanguage\":\"ru-RU\",\"potentialAction\":[{\"@type\":\"ReadAction\",\"target\":[\"https:\\\/\\\/desala.ee\\\/ru\\\/%d0%bf%d1%80%d0%be%d0%b4%d0%b5%d0%bb%d0%b0%d0%bd%d0%bd%d0%b0%d1%8f-%d1%80%d0%b0%d0%b1%d0%be%d1%82%d0%b0\\\/\"]}]},{\"@type\":\"BreadcrumbList\",\"@id\":\"https:\\\/\\\/desala.ee\\\/ru\\\/%d0%bf%d1%80%d0%be%d0%b4%d0%b5%d0%bb%d0%b0%d0%bd%d0%bd%d0%b0%d1%8f-%d1%80%d0%b0%d0%b1%d0%be%d1%82%d0%b0\\\/#breadcrumb\",\"itemListElement\":[{\"@type\":\"ListItem\",\"position\":1,\"name\":\"Home\",\"item\":\"https:\\\/\\\/desala.ee\\\/ru\\\/\"},{\"@type\":\"ListItem\",\"position\":2,\"name\":\"\u041f\u0440\u043e\u0434\u0435\u043b\u0430\u043d\u043d\u0430\u044f \u0440\u0430\u0431\u043e\u0442\u0430\"}]},{\"@type\":\"WebSite\",\"@id\":\"https:\\\/\\\/desala.ee\\\/ru\\\/#website\",\"url\":\"https:\\\/\\\/desala.ee\\\/ru\\\/\",\"name\":\"Desala Sisustus\",\"description\":\"Eritellimusel k\u00f6\u00f6gim\u00f6\u00f6bli ja garderoobide valmistamine\",\"publisher\":{\"@id\":\"https:\\\/\\\/desala.ee\\\/ru\\\/#organization\"},\"potentialAction\":[{\"@type\":\"SearchAction\",\"target\":{\"@type\":\"EntryPoint\",\"urlTemplate\":\"https:\\\/\\\/desala.ee\\\/ru\\\/?s={search_term_string}\"},\"query-input\":{\"@type\":\"PropertyValueSpecification\",\"valueRequired\":true,\"valueName\":\"search_term_string\"}}],\"inLanguage\":\"ru-RU\"},{\"@type\":\"Organization\",\"@id\":\"https:\\\/\\\/desala.ee\\\/ru\\\/#organization\",\"name\":\"Desala sisustus - k\u00f6\u00f6gim\u00f6\u00f6bli valmistamine\",\"url\":\"https:\\\/\\\/desala.ee\\\/ru\\\/\",\"logo\":{\"@type\":\"ImageObject\",\"inLanguage\":\"ru-RU\",\"@id\":\"https:\\\/\\\/desala.ee\\\/ru\\\/#\\\/schema\\\/logo\\\/image\\\/\",\"url\":\"http:\\\/\\\/desala.ee\\\/wp-content\\\/uploads\\\/2020\\\/03\\\/desala1.png\",\"contentUrl\":\"http:\\\/\\\/desala.ee\\\/wp-content\\\/uploads\\\/2020\\\/03\\\/desala1.png\",\"width\":239,\"height\":70,\"caption\":\"Desala sisustus - k\u00f6\u00f6gim\u00f6\u00f6bli valmistamine\"},\"image\":{\"@id\":\"https:\\\/\\\/desala.ee\\\/ru\\\/#\\\/schema\\\/logo\\\/image\\\/\"},\"sameAs\":[\"https:\\\/\\\/www.facebook.com\\\/search\\\/top?q=desalasisustus\",\"https:\\\/\\\/www.instagram.com\\\/desala_sisustus\\\/\"]}]}<\/script>\n<!-- \/ Yoast SEO plugin. -->","yoast_head_json":{"title":"\u041f\u0440\u043e\u0434\u0435\u043b\u0430\u043d\u043d\u0430\u044f \u0440\u0430\u0431\u043e\u0442\u0430 - Desala Sisustus","description":"Desala Sisustus - K\u00f6\u00f6gim\u00f6\u00f6bel eritellimusel ja garderoobide valmistamine. \u00dcle 25a kogemust eritellimusel k\u00f6\u00f6gim\u00f6\u00f6bli valmistamisel ja projekteerimisel","robots":{"index":"index","follow":"follow","max-snippet":"max-snippet:-1","max-image-preview":"max-image-preview:large","max-video-preview":"max-video-preview:-1"},"canonical":"https:\/\/desala.ee\/ru\/%d0%bf%d1%80%d0%be%d0%b4%d0%b5%d0%bb%d0%b0%d0%bd%d0%bd%d0%b0%d1%8f-%d1%80%d0%b0%d0%b1%d0%be%d1%82%d0%b0\/","og_locale":"ru_RU","og_type":"article","og_title":"\u041f\u0440\u043e\u0434\u0435\u043b\u0430\u043d\u043d\u0430\u044f \u0440\u0430\u0431\u043e\u0442\u0430 - Desala Sisustus","og_description":"Desala Sisustus - K\u00f6\u00f6gim\u00f6\u00f6bel eritellimusel ja garderoobide valmistamine. \u00dcle 25a kogemust eritellimusel k\u00f6\u00f6gim\u00f6\u00f6bli valmistamisel ja projekteerimisel","og_url":"https:\/\/desala.ee\/ru\/%d0%bf%d1%80%d0%be%d0%b4%d0%b5%d0%bb%d0%b0%d0%bd%d0%bd%d0%b0%d1%8f-%d1%80%d0%b0%d0%b1%d0%be%d1%82%d0%b0\/","og_site_name":"Desala Sisustus","article_publisher":"https:\/\/www.facebook.com\/search\/top?q=desalasisustus","article_modified_time":"2022-07-15T07:55:29+00:00","og_image":[{"width":1200,"height":800,"url":"https:\/\/i0.wp.com\/desala.ee\/wp-content\/uploads\/2022\/09\/1-1.jpg?fit=1200%2C800&ssl=1","type":"image\/jpeg"}],"twitter_card":"summary_large_image","twitter_misc":{"\u041f\u0440\u0438\u043c\u0435\u0440\u043d\u043e\u0435 \u0432\u0440\u0435\u043c\u044f \u0434\u043b\u044f \u0447\u0442\u0435\u043d\u0438\u044f":"4 \u043c\u0438\u043d\u0443\u0442\u044b"},"schema":{"@context":"https:\/\/schema.org","@graph":[{"@type":"WebPage","@id":"https:\/\/desala.ee\/ru\/%d0%bf%d1%80%d0%be%d0%b4%d0%b5%d0%bb%d0%b0%d0%bd%d0%bd%d0%b0%d1%8f-%d1%80%d0%b0%d0%b1%d0%be%d1%82%d0%b0\/","url":"https:\/\/desala.ee\/ru\/%d0%bf%d1%80%d0%be%d0%b4%d0%b5%d0%bb%d0%b0%d0%bd%d0%bd%d0%b0%d1%8f-%d1%80%d0%b0%d0%b1%d0%be%d1%82%d0%b0\/","name":"\u041f\u0440\u043e\u0434\u0435\u043b\u0430\u043d\u043d\u0430\u044f \u0440\u0430\u0431\u043e\u0442\u0430 - Desala Sisustus","isPartOf":{"@id":"https:\/\/desala.ee\/ru\/#website"},"datePublished":"2019-11-06T14:01:56+00:00","dateModified":"2022-07-15T07:55:29+00:00","description":"Desala Sisustus - K\u00f6\u00f6gim\u00f6\u00f6bel eritellimusel ja garderoobide valmistamine. \u00dcle 25a kogemust eritellimusel k\u00f6\u00f6gim\u00f6\u00f6bli valmistamisel ja projekteerimisel","breadcrumb":{"@id":"https:\/\/desala.ee\/ru\/%d0%bf%d1%80%d0%be%d0%b4%d0%b5%d0%bb%d0%b0%d0%bd%d0%bd%d0%b0%d1%8f-%d1%80%d0%b0%d0%b1%d0%be%d1%82%d0%b0\/#breadcrumb"},"inLanguage":"ru-RU","potentialAction":[{"@type":"ReadAction","target":["https:\/\/desala.ee\/ru\/%d0%bf%d1%80%d0%be%d0%b4%d0%b5%d0%bb%d0%b0%d0%bd%d0%bd%d0%b0%d1%8f-%d1%80%d0%b0%d0%b1%d0%be%d1%82%d0%b0\/"]}]},{"@type":"BreadcrumbList","@id":"https:\/\/desala.ee\/ru\/%d0%bf%d1%80%d0%be%d0%b4%d0%b5%d0%bb%d0%b0%d0%bd%d0%bd%d0%b0%d1%8f-%d1%80%d0%b0%d0%b1%d0%be%d1%82%d0%b0\/#breadcrumb","itemListElement":[{"@type":"ListItem","position":1,"name":"Home","item":"https:\/\/desala.ee\/ru\/"},{"@type":"ListItem","position":2,"name":"\u041f\u0440\u043e\u0434\u0435\u043b\u0430\u043d\u043d\u0430\u044f \u0440\u0430\u0431\u043e\u0442\u0430"}]},{"@type":"WebSite","@id":"https:\/\/desala.ee\/ru\/#website","url":"https:\/\/desala.ee\/ru\/","name":"Desala Sisustus","description":"Eritellimusel k\u00f6\u00f6gim\u00f6\u00f6bli ja garderoobide valmistamine","publisher":{"@id":"https:\/\/desala.ee\/ru\/#organization"},"potentialAction":[{"@type":"SearchAction","target":{"@type":"EntryPoint","urlTemplate":"https:\/\/desala.ee\/ru\/?s={search_term_string}"},"query-input":{"@type":"PropertyValueSpecification","valueRequired":true,"valueName":"search_term_string"}}],"inLanguage":"ru-RU"},{"@type":"Organization","@id":"https:\/\/desala.ee\/ru\/#organization","name":"Desala sisustus - k\u00f6\u00f6gim\u00f6\u00f6bli valmistamine","url":"https:\/\/desala.ee\/ru\/","logo":{"@type":"ImageObject","inLanguage":"ru-RU","@id":"https:\/\/desala.ee\/ru\/#\/schema\/logo\/image\/","url":"http:\/\/desala.ee\/wp-content\/uploads\/2020\/03\/desala1.png","contentUrl":"http:\/\/desala.ee\/wp-content\/uploads\/2020\/03\/desala1.png","width":239,"height":70,"caption":"Desala sisustus - k\u00f6\u00f6gim\u00f6\u00f6bli valmistamine"},"image":{"@id":"https:\/\/desala.ee\/ru\/#\/schema\/logo\/image\/"},"sameAs":["https:\/\/www.facebook.com\/search\/top?q=desalasisustus","https:\/\/www.instagram.com\/desala_sisustus\/"]}]}},"_links":{"self":[{"href":"https:\/\/desala.ee\/ru\/wp-json\/wp\/v2\/pages\/1880","targetHints":{"allow":["GET"]}}],"collection":[{"href":"https:\/\/desala.ee\/ru\/wp-json\/wp\/v2\/pages"}],"about":[{"href":"https:\/\/desala.ee\/ru\/wp-json\/wp\/v2\/types\/page"}],"author":[{"embeddable":true,"href":"https:\/\/desala.ee\/ru\/wp-json\/wp\/v2\/users\/3"}],"replies":[{"embeddable":true,"href":"https:\/\/desala.ee\/ru\/wp-json\/wp\/v2\/comments?post=1880"}],"version-history":[{"count":0,"href":"https:\/\/desala.ee\/ru\/wp-json\/wp\/v2\/pages\/1880\/revisions"}],"wp:attachment":[{"href":"https:\/\/desala.ee\/ru\/wp-json\/wp\/v2\/media?parent=1880"}],"curies":[{"name":"wp","href":"https:\/\/api.w.org\/{rel}","templated":true}]}}