{"id":1874,"date":"2019-11-06T15:59:17","date_gmt":"2019-11-06T13:59:17","guid":{"rendered":"http:\/\/localhost:8888\/dev.desala\/suoritetut-tyot\/"},"modified":"2022-07-15T10:55:02","modified_gmt":"2022-07-15T07:55:02","slug":"suoritetut-tyot","status":"publish","type":"page","link":"https:\/\/desala.ee\/fi\/suoritetut-tyot\/","title":{"rendered":"Suoritetut ty\u00f6t"},"content":{"rendered":"<p>[et_pb_section fb_built=&#8221;1&#8243; admin_label=&#8221;Header Section&#8221; _builder_version=&#8221;3.29.2&#8243; use_background_color_gradient=&#8221;on&#8221; background_color_gradient_start=&#8221;#ffffff&#8221; background_color_gradient_end=&#8221;rgba(255,255,255,0)&#8221; background_color_gradient_overlays_image=&#8221;on&#8221; background_image=&#8221;http:\/\/desala.ee\/wp-content\/uploads\/2019\/09\/Tehtud-t\u00f6\u00f6d-1.jpg&#8221; custom_padding=&#8221;216px||106px||false|false&#8221; collapsed=&#8221;off&#8221; global_colors_info=&#8221;{}&#8221;][et_pb_row custom_padding_last_edited=&#8221;off|desktop&#8221; admin_label=&#8221;Header Row&#8221; _builder_version=&#8221;3.27.3&#8243; custom_margin=&#8221;-45px|auto||auto|false|false&#8221; custom_margin_tablet=&#8221;&#8221; custom_margin_phone=&#8221;79px||||false|false&#8221; custom_margin_last_edited=&#8221;on|phone&#8221; custom_padding=&#8221;|||&#8221; custom_padding_phone=&#8221;3vw|||&#8221; collapsed=&#8221;off&#8221; global_colors_info=&#8221;{}&#8221;][et_pb_column type=&#8221;4_4&#8243; _builder_version=&#8221;3.25&#8243; custom_padding=&#8221;|||&#8221; global_colors_info=&#8221;{}&#8221; custom_padding__hover=&#8221;|||&#8221;][\/et_pb_column][\/et_pb_row][\/et_pb_section][et_pb_section fb_built=&#8221;1&#8243; custom_padding_last_edited=&#8221;on|phone&#8221; _builder_version=&#8221;3.27.3&#8243; background_color=&#8221;rgba(0,0,0,0)&#8221; width=&#8221;100%&#8221; custom_margin=&#8221;-169px||111px||false|false&#8221; custom_padding=&#8221;0px||0px||false|false&#8221; custom_padding_tablet=&#8221;&#8221; custom_padding_phone=&#8221;||0px||false|false&#8221; global_colors_info=&#8221;{}&#8221;][et_pb_row _builder_version=&#8221;3.27.4&#8243; background_color=&#8221;#ffffff&#8221; custom_margin=&#8221;86px|auto||auto|false|false&#8221; custom_padding=&#8221;30px||30px||false|false&#8221; custom_css_main_element=&#8221;z-index: 999&#8243; box_shadow_style=&#8221;preset1&#8243; global_colors_info=&#8221;{}&#8221;][et_pb_column type=&#8221;4_4&#8243; _builder_version=&#8221;3.27.3&#8243; custom_padding=&#8221;0px||||false|false&#8221; global_colors_info=&#8221;{}&#8221;][et_pb_text admin_label=&#8221;Title &#038; Paragraph&#8221; _builder_version=&#8221;3.27.4&#8243; text_font=&#8221;Lato|300|||||||&#8221; text_text_color=&#8221;#000000&#8243; text_font_size=&#8221;16px&#8221; text_letter_spacing=&#8221;1px&#8221; text_line_height=&#8221;1.8em&#8221; header_font=&#8221;Montserrat|300|||||||&#8221; header_2_font=&#8221;Roboto Condensed|300|||||||&#8221; header_2_font_size=&#8221;40px&#8221; header_2_letter_spacing=&#8221;1px&#8221; header_2_line_height=&#8221;1.6em&#8221; header_3_font=&#8221;||||||||&#8221; width=&#8221;75%&#8221; max_width=&#8221;639.3%&#8221; max_width_tablet=&#8221;&#8221; max_width_phone=&#8221;&#8221; max_width_last_edited=&#8221;on|phone&#8221; module_alignment=&#8221;center&#8221; custom_margin=&#8221;10px||||false|false&#8221; custom_padding=&#8221;||1px|||&#8221; custom_padding_last_edited=&#8221;off|desktop&#8221; header_2_font_size_tablet=&#8221;&#8221; header_2_font_size_phone=&#8221;40px&#8221; header_2_font_size_last_edited=&#8221;on|desktop&#8221; locked=&#8221;off&#8221; global_colors_info=&#8221;{}&#8221;]<\/p>\n<h2 style=\"text-align: center;\">Suoritetut ty\u00f6t<\/h2>\n<p style=\"text-align: center;\">Olemme t\u00e4h\u00e4n menness\u00e4 valmistaneet ja asentaneet jo yli 500 erilaista keitti\u00f6t\u00e4. Toivomme, ett\u00e4 saat galleriastamme inspiraatiota my\u00f6s tulevaan keitti\u00f6\u00f6si.<\/p>\n<p>&nbsp;<\/p>\n<p>[\/et_pb_text][\/et_pb_column][\/et_pb_row][\/et_pb_section][et_pb_section fb_built=&#8221;1&#8243; _builder_version=&#8221;3.22.4&#8243; custom_margin=&#8221;-20px|||||&#8221; custom_padding=&#8221;0px||33px|||&#8221; global_colors_info=&#8221;{}&#8221;][et_pb_row use_custom_gutter=&#8221;on&#8221; gutter_width=&#8221;2&#8243; make_equal=&#8221;on&#8221; _builder_version=&#8221;3.27.4&#8243; width=&#8221;100%&#8221; custom_margin=&#8221;-5px|auto||auto||&#8221; custom_padding=&#8221;0px|||||&#8221; global_colors_info=&#8221;{}&#8221; gutter_width__hover_enabled=&#8221;off|desktop&#8221;][et_pb_column type=&#8221;4_4&#8243; _builder_version=&#8221;3.25&#8243; custom_padding=&#8221;|||&#8221; global_colors_info=&#8221;{}&#8221; custom_padding__hover=&#8221;|||&#8221;][et_pb_gallery gallery_ids=&#8221;2930,2926,2934,2912,2916,2920,2903,2907,2890,2894,2898,2878,2874,2870,2863,2858,2854,2849,2845,2840,2833,2815,2789,2793,2797,2778,2782,2609,2604,2593,2589,2448,2420,2424,2428,2412,2408,2404,2400,2376,2380,2384,2388,2314,2310,2306,2302,2298,2250,2246,2224,2220,2216,2177,2182,2186,2275,1769,1772,1775,1448,1451,1454,1457,1460,1463,1466,1472,2271,1478,1481,1484,1487,1490,1493,1496,1499,1502,1505,1508,1511,1514,1517,1520,1523,1526,1529,1532,1535,1538,1541,1544,1547,1550,1553,1556,1559,1562,1565,1568,1571,1574,1577,1580,1583,1586,1589,1592,1595,1598,1601,1604,1607,1610,1613,1616,1619,1622,1625,1628,1631,1634,1637,1640,1643,1649,1646,1652,1655,1658,1664,1667,1670,1673,1676,1679,1682,1685,1688,1691,1694,1697,1700,1703,181,169,186,187,2238,2232&#8243; posts_number=&#8221;200&#8243; show_title_and_caption=&#8221;off&#8221; show_pagination=&#8221;off&#8221; zoom_icon_color=&#8221;#9ce1ed&#8221; hover_overlay_color=&#8221;rgba(255,255,255,0.58)&#8221; hover_icon=&#8221;&#x54;||divi||400&#8243; _builder_version=&#8221;4.14.1&#8243; hover_enabled=&#8221;0&#8243; global_colors_info=&#8221;{}&#8221; sticky_enabled=&#8221;0&#8243;][\/et_pb_gallery][\/et_pb_column][\/et_pb_row][\/et_pb_section][et_pb_section fb_built=&#8221;1&#8243; admin_label=&#8221;Services Section&#8221; _builder_version=&#8221;3.27.4&#8243; use_background_color_gradient=&#8221;on&#8221; background_color_gradient_start=&#8221;#ffffff&#8221; background_color_gradient_end=&#8221;rgba(255,255,255,0.61)&#8221; background_color_gradient_overlays_image=&#8221;on&#8221; background_image=&#8221;http:\/\/desala.ee\/wp-content\/uploads\/2019\/05\/section-bg-5-2.jpg&#8221; background_enable_image=&#8221;off&#8221; background_position=&#8221;bottom_right&#8221; custom_margin_tablet=&#8221;&#8221; custom_margin_phone=&#8221;&#8221; custom_margin_last_edited=&#8221;on|phone&#8221; custom_padding=&#8221;50px|20px|40px|20px|false|false&#8221; box_shadow_style=&#8221;preset3&#8243; global_module=&#8221;381&#8243; saved_tabs=&#8221;all&#8221; global_colors_info=&#8221;{}&#8221;][et_pb_row column_structure=&#8221;1_2,1_2&#8243; use_custom_gutter=&#8221;on&#8221; gutter_width=&#8221;2&#8243; admin_label=&#8221;Services Row&#8221; module_id=&#8221;paring&#8221; _builder_version=&#8221;3.27.4&#8243; width_tablet=&#8221;&#8221; width_phone=&#8221;100%&#8221; width_last_edited=&#8221;on|phone&#8221; custom_padding=&#8221;|||&#8221; global_colors_info=&#8221;{}&#8221;][et_pb_column type=&#8221;1_2&#8243; _builder_version=&#8221;3.27.4&#8243; custom_padding=&#8221;|||&#8221; global_colors_info=&#8221;{}&#8221; custom_padding__hover=&#8221;|||&#8221;][et_pb_text admin_label=&#8221;Title&#8221; _builder_version=&#8221;4.7.7&#8243; text_font=&#8221;Muli|600|||||||&#8221; text_text_color=&#8221;#737373&#8243; text_font_size=&#8221;18px&#8221; header_font=&#8221;||||||||&#8221; header_2_font=&#8221;Roboto Condensed|300|||||||&#8221; header_2_font_size=&#8221;40px&#8221; header_2_letter_spacing=&#8221;1px&#8221; header_2_line_height=&#8221;1.6em&#8221; max_width_last_edited=&#8221;off|desktop&#8221; custom_margin=&#8221;-1px|||||&#8221; custom_padding=&#8221;|||&#8221; custom_padding_last_edited=&#8221;off|desktop&#8221; header_2_font_size_tablet=&#8221;&#8221; header_2_font_size_phone=&#8221;40px&#8221; header_2_font_size_last_edited=&#8221;on|phone&#8221; global_colors_info=&#8221;{}&#8221;]<\/p>\n<h2>L\u00e4het\u00e4 viesti<\/h2>\n<p>[\/et_pb_text][et_pb_text admin_label=&#8221;Title &#038; Paragraph&#8221; _builder_version=&#8221;3.27.4&#8243; text_font=&#8221;Lato|300|||||||&#8221; text_text_color=&#8221;#000000&#8243; text_font_size=&#8221;16px&#8221; text_letter_spacing=&#8221;1px&#8221; text_line_height=&#8221;1.8em&#8221; header_font=&#8221;||||||||&#8221; header_2_font=&#8221;Roboto Condensed|300|||||||&#8221; header_2_font_size=&#8221;35px&#8221; header_2_line_height=&#8221;1.4em&#8221; max_width=&#8221;600px&#8221; max_width_tablet=&#8221;&#8221; max_width_phone=&#8221;&#8221; max_width_last_edited=&#8221;on|phone&#8221; module_alignment=&#8221;right&#8221; custom_margin=&#8221;|||&#8221; custom_padding=&#8221;|||&#8221; custom_padding_last_edited=&#8221;off|desktop&#8221; header_2_font_size_tablet=&#8221;&#8221; header_2_font_size_phone=&#8221;40px&#8221; header_2_font_size_last_edited=&#8221;on|desktop&#8221; locked=&#8221;off&#8221; global_colors_info=&#8221;{}&#8221;]<\/p>\n<p>Haluatko, ett\u00e4 tekisimme kalusteillesi hyv\u00e4n hintatarjouksen? J\u00e4t\u00e4 meille yhteystietosi ja konsulttimme ottaa Sinuun itse yhteytt\u00e4 s\u00e4hk\u00f6postitse tai puhelimitse ja sopii tapaamisen ajankohdasta tarkemmin. Tapaamiseen kuluu suunnilleen 45 minuuttia. Tapaamisen j\u00e4lkeen konsulttimme laatii viikon sis\u00e4ll\u00e4 Sinulle hintatarjouksen ja 3D-kuvan. <strong>Huom.! Tapaamisen ajankohdasta on jonkun konsulttimme kanssa varmasti sovittava etuk\u00e4teen.<\/strong><\/p>\n<p>[\/et_pb_text][\/et_pb_column][et_pb_column type=&#8221;1_2&#8243; _builder_version=&#8221;3.27.4&#8243; custom_padding=&#8221;61px|0px||25px|false|false&#8221; custom_padding_tablet=&#8221;0px||||false|false&#8221; custom_padding_phone=&#8221;|||0px|false|false&#8221; custom_padding_last_edited=&#8221;on|phone&#8221; global_colors_info=&#8221;{}&#8221; custom_padding__hover=&#8221;|||&#8221;][et_pb_text _builder_version=&#8221;3.27.4&#8243; global_colors_info=&#8221;{}&#8221;][\/et_pb_text][et_pb_text _builder_version=&#8221;4.7.7&#8243; _module_preset=&#8221;default&#8221; global_colors_info=&#8221;{}&#8221;]<\/p>\n<p>[contact-form-7 id=&#8221;1146&#8243; title=&#8221;Kontaktivorm 1&#8243;]<\/p>\n<p>[\/et_pb_text][\/et_pb_column][\/et_pb_row][\/et_pb_section]<\/p>\n","protected":false},"excerpt":{"rendered":"<p>Suoritetut ty\u00f6t Olemme t\u00e4h\u00e4n menness\u00e4 valmistaneet ja asentaneet jo yli 500 erilaista keitti\u00f6t\u00e4. Toivomme, ett\u00e4 saat galleriastamme inspiraatiota my\u00f6s tulevaan keitti\u00f6\u00f6si. &nbsp;L\u00e4het\u00e4 viestiHaluatko, ett\u00e4 tekisimme kalusteillesi hyv\u00e4n hintatarjouksen? J\u00e4t\u00e4 meille yhteystietosi ja konsulttimme ottaa Sinuun itse yhteytt\u00e4 s\u00e4hk\u00f6postitse tai puhelimitse ja sopii tapaamisen ajankohdasta tarkemmin. Tapaamiseen kuluu suunnilleen 45 minuuttia. Tapaamisen j\u00e4lkeen konsulttimme laatii viikon [&hellip;]<\/p>\n","protected":false},"author":3,"featured_media":0,"parent":0,"menu_order":0,"comment_status":"closed","ping_status":"closed","template":"","meta":{"_et_pb_use_builder":"on","_et_pb_old_content":"","_et_gb_content_width":"","footnotes":""},"class_list":["post-1874","page","type-page","status-publish","hentry"],"yoast_head":"<!-- This site is optimized with the Yoast SEO plugin v27.4 - https:\/\/yoast.com\/product\/yoast-seo-wordpress\/ -->\n<title>Suoritetut ty\u00f6t - Desala Sisustus<\/title>\n<meta name=\"description\" content=\"Desala Sisustus - K\u00f6\u00f6gim\u00f6\u00f6bel eritellimusel ja garderoobide valmistamine. \u00dcle 25a kogemust eritellimusel k\u00f6\u00f6gim\u00f6\u00f6bli valmistamisel ja projekteerimisel\" \/>\n<meta name=\"robots\" content=\"index, follow, max-snippet:-1, max-image-preview:large, max-video-preview:-1\" \/>\n<link rel=\"canonical\" href=\"https:\/\/desala.ee\/fi\/suoritetut-tyot\/\" \/>\n<meta property=\"og:locale\" content=\"fi_FI\" \/>\n<meta property=\"og:type\" content=\"article\" \/>\n<meta property=\"og:title\" content=\"Suoritetut ty\u00f6t - Desala Sisustus\" \/>\n<meta property=\"og:description\" content=\"Desala Sisustus - K\u00f6\u00f6gim\u00f6\u00f6bel eritellimusel ja garderoobide valmistamine. \u00dcle 25a kogemust eritellimusel k\u00f6\u00f6gim\u00f6\u00f6bli valmistamisel ja projekteerimisel\" \/>\n<meta property=\"og:url\" content=\"https:\/\/desala.ee\/fi\/suoritetut-tyot\/\" \/>\n<meta property=\"og:site_name\" content=\"Desala Sisustus\" \/>\n<meta property=\"article:publisher\" content=\"https:\/\/www.facebook.com\/search\/top?q=desalasisustus\" \/>\n<meta property=\"article:modified_time\" content=\"2022-07-15T07:55:02+00:00\" \/>\n<meta property=\"og:image\" content=\"https:\/\/i0.wp.com\/desala.ee\/wp-content\/uploads\/2022\/09\/1-1.jpg?fit=1200%2C800&ssl=1\" \/>\n\t<meta property=\"og:image:width\" content=\"1200\" \/>\n\t<meta property=\"og:image:height\" content=\"800\" \/>\n\t<meta property=\"og:image:type\" content=\"image\/jpeg\" \/>\n<meta name=\"twitter:card\" content=\"summary_large_image\" \/>\n<meta name=\"twitter:label1\" content=\"Arvioitu lukuaika\" \/>\n\t<meta name=\"twitter:data1\" content=\"5 minuuttia\" \/>\n<script type=\"application\/ld+json\" class=\"yoast-schema-graph\">{\"@context\":\"https:\\\/\\\/schema.org\",\"@graph\":[{\"@type\":\"WebPage\",\"@id\":\"https:\\\/\\\/desala.ee\\\/fi\\\/suoritetut-tyot\\\/\",\"url\":\"https:\\\/\\\/desala.ee\\\/fi\\\/suoritetut-tyot\\\/\",\"name\":\"Suoritetut ty\u00f6t - Desala Sisustus\",\"isPartOf\":{\"@id\":\"https:\\\/\\\/desala.ee\\\/fi\\\/#website\"},\"datePublished\":\"2019-11-06T13:59:17+00:00\",\"dateModified\":\"2022-07-15T07:55:02+00:00\",\"description\":\"Desala Sisustus - K\u00f6\u00f6gim\u00f6\u00f6bel eritellimusel ja garderoobide valmistamine. \u00dcle 25a kogemust eritellimusel k\u00f6\u00f6gim\u00f6\u00f6bli valmistamisel ja projekteerimisel\",\"breadcrumb\":{\"@id\":\"https:\\\/\\\/desala.ee\\\/fi\\\/suoritetut-tyot\\\/#breadcrumb\"},\"inLanguage\":\"fi\",\"potentialAction\":[{\"@type\":\"ReadAction\",\"target\":[\"https:\\\/\\\/desala.ee\\\/fi\\\/suoritetut-tyot\\\/\"]}]},{\"@type\":\"BreadcrumbList\",\"@id\":\"https:\\\/\\\/desala.ee\\\/fi\\\/suoritetut-tyot\\\/#breadcrumb\",\"itemListElement\":[{\"@type\":\"ListItem\",\"position\":1,\"name\":\"Home\",\"item\":\"https:\\\/\\\/desala.ee\\\/fi\\\/\"},{\"@type\":\"ListItem\",\"position\":2,\"name\":\"Suoritetut ty\u00f6t\"}]},{\"@type\":\"WebSite\",\"@id\":\"https:\\\/\\\/desala.ee\\\/fi\\\/#website\",\"url\":\"https:\\\/\\\/desala.ee\\\/fi\\\/\",\"name\":\"Desala Sisustus\",\"description\":\"Eritellimusel k\u00f6\u00f6gim\u00f6\u00f6bli ja garderoobide valmistamine\",\"publisher\":{\"@id\":\"https:\\\/\\\/desala.ee\\\/fi\\\/#organization\"},\"potentialAction\":[{\"@type\":\"SearchAction\",\"target\":{\"@type\":\"EntryPoint\",\"urlTemplate\":\"https:\\\/\\\/desala.ee\\\/fi\\\/?s={search_term_string}\"},\"query-input\":{\"@type\":\"PropertyValueSpecification\",\"valueRequired\":true,\"valueName\":\"search_term_string\"}}],\"inLanguage\":\"fi\"},{\"@type\":\"Organization\",\"@id\":\"https:\\\/\\\/desala.ee\\\/fi\\\/#organization\",\"name\":\"Desala sisustus - k\u00f6\u00f6gim\u00f6\u00f6bli valmistamine\",\"url\":\"https:\\\/\\\/desala.ee\\\/fi\\\/\",\"logo\":{\"@type\":\"ImageObject\",\"inLanguage\":\"fi\",\"@id\":\"https:\\\/\\\/desala.ee\\\/fi\\\/#\\\/schema\\\/logo\\\/image\\\/\",\"url\":\"http:\\\/\\\/desala.ee\\\/wp-content\\\/uploads\\\/2020\\\/03\\\/desala1.png\",\"contentUrl\":\"http:\\\/\\\/desala.ee\\\/wp-content\\\/uploads\\\/2020\\\/03\\\/desala1.png\",\"width\":239,\"height\":70,\"caption\":\"Desala sisustus - k\u00f6\u00f6gim\u00f6\u00f6bli valmistamine\"},\"image\":{\"@id\":\"https:\\\/\\\/desala.ee\\\/fi\\\/#\\\/schema\\\/logo\\\/image\\\/\"},\"sameAs\":[\"https:\\\/\\\/www.facebook.com\\\/search\\\/top?q=desalasisustus\",\"https:\\\/\\\/www.instagram.com\\\/desala_sisustus\\\/\"]}]}<\/script>\n<!-- \/ Yoast SEO plugin. -->","yoast_head_json":{"title":"Suoritetut ty\u00f6t - Desala Sisustus","description":"Desala Sisustus - K\u00f6\u00f6gim\u00f6\u00f6bel eritellimusel ja garderoobide valmistamine. \u00dcle 25a kogemust eritellimusel k\u00f6\u00f6gim\u00f6\u00f6bli valmistamisel ja projekteerimisel","robots":{"index":"index","follow":"follow","max-snippet":"max-snippet:-1","max-image-preview":"max-image-preview:large","max-video-preview":"max-video-preview:-1"},"canonical":"https:\/\/desala.ee\/fi\/suoritetut-tyot\/","og_locale":"fi_FI","og_type":"article","og_title":"Suoritetut ty\u00f6t - Desala Sisustus","og_description":"Desala Sisustus - K\u00f6\u00f6gim\u00f6\u00f6bel eritellimusel ja garderoobide valmistamine. \u00dcle 25a kogemust eritellimusel k\u00f6\u00f6gim\u00f6\u00f6bli valmistamisel ja projekteerimisel","og_url":"https:\/\/desala.ee\/fi\/suoritetut-tyot\/","og_site_name":"Desala Sisustus","article_publisher":"https:\/\/www.facebook.com\/search\/top?q=desalasisustus","article_modified_time":"2022-07-15T07:55:02+00:00","og_image":[{"width":1200,"height":800,"url":"https:\/\/i0.wp.com\/desala.ee\/wp-content\/uploads\/2022\/09\/1-1.jpg?fit=1200%2C800&ssl=1","type":"image\/jpeg"}],"twitter_card":"summary_large_image","twitter_misc":{"Arvioitu lukuaika":"5 minuuttia"},"schema":{"@context":"https:\/\/schema.org","@graph":[{"@type":"WebPage","@id":"https:\/\/desala.ee\/fi\/suoritetut-tyot\/","url":"https:\/\/desala.ee\/fi\/suoritetut-tyot\/","name":"Suoritetut ty\u00f6t - Desala Sisustus","isPartOf":{"@id":"https:\/\/desala.ee\/fi\/#website"},"datePublished":"2019-11-06T13:59:17+00:00","dateModified":"2022-07-15T07:55:02+00:00","description":"Desala Sisustus - K\u00f6\u00f6gim\u00f6\u00f6bel eritellimusel ja garderoobide valmistamine. \u00dcle 25a kogemust eritellimusel k\u00f6\u00f6gim\u00f6\u00f6bli valmistamisel ja projekteerimisel","breadcrumb":{"@id":"https:\/\/desala.ee\/fi\/suoritetut-tyot\/#breadcrumb"},"inLanguage":"fi","potentialAction":[{"@type":"ReadAction","target":["https:\/\/desala.ee\/fi\/suoritetut-tyot\/"]}]},{"@type":"BreadcrumbList","@id":"https:\/\/desala.ee\/fi\/suoritetut-tyot\/#breadcrumb","itemListElement":[{"@type":"ListItem","position":1,"name":"Home","item":"https:\/\/desala.ee\/fi\/"},{"@type":"ListItem","position":2,"name":"Suoritetut ty\u00f6t"}]},{"@type":"WebSite","@id":"https:\/\/desala.ee\/fi\/#website","url":"https:\/\/desala.ee\/fi\/","name":"Desala Sisustus","description":"Eritellimusel k\u00f6\u00f6gim\u00f6\u00f6bli ja garderoobide valmistamine","publisher":{"@id":"https:\/\/desala.ee\/fi\/#organization"},"potentialAction":[{"@type":"SearchAction","target":{"@type":"EntryPoint","urlTemplate":"https:\/\/desala.ee\/fi\/?s={search_term_string}"},"query-input":{"@type":"PropertyValueSpecification","valueRequired":true,"valueName":"search_term_string"}}],"inLanguage":"fi"},{"@type":"Organization","@id":"https:\/\/desala.ee\/fi\/#organization","name":"Desala sisustus - k\u00f6\u00f6gim\u00f6\u00f6bli valmistamine","url":"https:\/\/desala.ee\/fi\/","logo":{"@type":"ImageObject","inLanguage":"fi","@id":"https:\/\/desala.ee\/fi\/#\/schema\/logo\/image\/","url":"http:\/\/desala.ee\/wp-content\/uploads\/2020\/03\/desala1.png","contentUrl":"http:\/\/desala.ee\/wp-content\/uploads\/2020\/03\/desala1.png","width":239,"height":70,"caption":"Desala sisustus - k\u00f6\u00f6gim\u00f6\u00f6bli valmistamine"},"image":{"@id":"https:\/\/desala.ee\/fi\/#\/schema\/logo\/image\/"},"sameAs":["https:\/\/www.facebook.com\/search\/top?q=desalasisustus","https:\/\/www.instagram.com\/desala_sisustus\/"]}]}},"_links":{"self":[{"href":"https:\/\/desala.ee\/fi\/wp-json\/wp\/v2\/pages\/1874","targetHints":{"allow":["GET"]}}],"collection":[{"href":"https:\/\/desala.ee\/fi\/wp-json\/wp\/v2\/pages"}],"about":[{"href":"https:\/\/desala.ee\/fi\/wp-json\/wp\/v2\/types\/page"}],"author":[{"embeddable":true,"href":"https:\/\/desala.ee\/fi\/wp-json\/wp\/v2\/users\/3"}],"replies":[{"embeddable":true,"href":"https:\/\/desala.ee\/fi\/wp-json\/wp\/v2\/comments?post=1874"}],"version-history":[{"count":0,"href":"https:\/\/desala.ee\/fi\/wp-json\/wp\/v2\/pages\/1874\/revisions"}],"wp:attachment":[{"href":"https:\/\/desala.ee\/fi\/wp-json\/wp\/v2\/media?parent=1874"}],"curies":[{"name":"wp","href":"https:\/\/api.w.org\/{rel}","templated":true}]}}